{"id":768,"date":"2025-09-11T10:54:10","date_gmt":"2025-09-11T08:54:10","guid":{"rendered":"https:\/\/proba.happymouse.eu\/?post_type=product&#038;p=768"},"modified":"2025-11-28T19:18:06","modified_gmt":"2025-11-28T18:18:06","slug":"kamienica-amsterdam-konfigurator","status":"publish","type":"product","link":"https:\/\/happymouse.eu\/en\/product\/kamienica-amsterdam-konfigurator\/","title":{"rendered":"Amsterdam Townhouse configurator"},"content":{"rendered":"<p><strong>What makes this dollhouse truly special:<\/strong><\/p>\n<ul>\n<li>Unique project inspired by the architecture of Amsterdam<\/li>\n<li>Hand-painted with great attention to detail<\/li>\n<li>Natural materials \u2013 gentle for children, kind to the environment<\/li>\n<li>Mo\u017cliwo\u015b\u0107 tworzenia w\u0142asnych historii \u2013 ka\u017cdy pok\u00f3j ma dusz\u0119<\/li>\n<\/ul>\n<p><strong>Available in two different sizes<\/strong>:<\/p>\n<p><strong>XL version<\/strong><\/p>\n<ul>\n<li style=\"list-style-type: none;\">\n<ul>\n<li style=\"list-style-type: none;\">\n<ul>\n<li>Height: <strong>120 cm<\/strong><\/li>\n<li>Width: <strong>60 cm<\/strong><\/li>\n<li>Depth: <strong>54 cm<\/strong><\/li>\n<li>Floor height: <strong>29 cm<\/strong><\/li>\n<\/ul>\n<\/li>\n<\/ul>\n<\/li>\n<\/ul>\n<p><strong>L version<\/strong><\/p>\n<ul>\n<li style=\"list-style-type: none;\">\n<ul>\n<li style=\"list-style-type: none;\">\n<ul>\n<li>Height: <strong>90 cm<\/strong><\/li>\n<li>Width: <strong>48 cm<\/strong><\/li>\n<li>Depth: <strong>44 cm<\/strong><\/li>\n<li>Floor height: <strong>23 cm<\/strong><\/li>\n<\/ul>\n<\/li>\n<\/ul>\n<\/li>\n<\/ul>\n<p><strong>Production time:<\/strong><\/p>\n<ul>\n<li style=\"list-style-type: none;\">\n<ul>\n<li style=\"list-style-type: none;\">\n<ul>\n<li>When ordering in your selected colors, production time is: <strong>up to 14 business day<\/strong><\/li>\n<\/ul>\n<\/li>\n<\/ul>\n<\/li>\n<\/ul>\n<p><strong>Looking for a faster option or a special gift?<\/strong><\/p>\n<ul>\n<li style=\"list-style-type: none;\">\n<ul>\n<li style=\"list-style-type: none;\">\n<ul>\n<li>Have a special occasion and need it quickly? Send us a message \u2014 we\u2019ll do our best to make it happen faster.<\/li>\n<\/ul>\n<\/li>\n<\/ul>\n<\/li>\n<\/ul>\n<p><strong>Customization:<\/strong><\/p>\n<ul>\n<li style=\"list-style-type: none;\">\n<ul>\n<li>Looking for something unique? From a dedication to your own design or even a street address on the fa\u00e7ade \u2013 we\u2019ll make it happen.<br \/>\nStworzymy domek specjalnie dla Ciebie.<\/li>\n<\/ul>\n<\/li>\n<\/ul>","protected":false},"excerpt":{"rendered":"<p>In the heart of a child\u2019s imagination, a little piece of a magical city was born \u2013 the \u201cAmsterdam\u201d townhouse. Inspired by the narrow houses along the canals, wooden shutters, and the calm charm of Dutch streets, this dollhouse is more than a toy \u2013 it\u2019s a story.<\/p>\n<p>Every detail has been carefully designed and handcrafted from natural plywood, then painted with eco-friendly paints certified for use on children\u2019s toys. The \u201cAmsterdam\u201d townhouse is the perfect home for your beloved mice or dolls \u2013 a place to rest after big adventures, sip tea in the living room, or gaze out the windows at a world children are just beginning to imagine.<\/p>\n<p>The \u201cAmsterdam\u201d townhouse invites not only children but adults, too \u2013 because who wouldn\u2019t want to peek into a world where anything is possible?<\/p>","protected":false},"featured_media":162,"comment_status":"open","ping_status":"closed","template":"","meta":{"ngg_post_thumbnail":0},"product_brand":[],"product_cat":[27,21],"product_tag":[],"class_list":{"0":"post-768","1":"product","2":"type-product","3":"status-publish","4":"has-post-thumbnail","6":"product_cat-bestseller","7":"product_cat-stworz-domek","8":"product_shipping_class-paletowe","10":"first","11":"onbackorder","12":"sold-individually","13":"taxable","14":"shipping-taxable","15":"purchasable","16":"product-type-variable"},"_links":{"self":[{"href":"https:\/\/happymouse.eu\/en\/wp-json\/wp\/v2\/product\/768","targetHints":{"allow":["GET"]}}],"collection":[{"href":"https:\/\/happymouse.eu\/en\/wp-json\/wp\/v2\/product"}],"about":[{"href":"https:\/\/happymouse.eu\/en\/wp-json\/wp\/v2\/types\/product"}],"replies":[{"embeddable":true,"href":"https:\/\/happymouse.eu\/en\/wp-json\/wp\/v2\/comments?post=768"}],"wp:featuredmedia":[{"embeddable":true,"href":"https:\/\/happymouse.eu\/en\/wp-json\/wp\/v2\/media\/162"}],"wp:attachment":[{"href":"https:\/\/happymouse.eu\/en\/wp-json\/wp\/v2\/media?parent=768"}],"wp:term":[{"taxonomy":"product_brand","embeddable":true,"href":"https:\/\/happymouse.eu\/en\/wp-json\/wp\/v2\/product_brand?post=768"},{"taxonomy":"product_cat","embeddable":true,"href":"https:\/\/happymouse.eu\/en\/wp-json\/wp\/v2\/product_cat?post=768"},{"taxonomy":"product_tag","embeddable":true,"href":"https:\/\/happymouse.eu\/en\/wp-json\/wp\/v2\/product_tag?post=768"}],"curies":[{"name":"wp","href":"https:\/\/api.w.org\/{rel}","templated":true}]}}