{"id":229,"date":"2025-07-04T14:42:02","date_gmt":"2025-07-04T12:42:02","guid":{"rendered":"https:\/\/happymouse.eu\/?page_id=229"},"modified":"2025-07-04T14:43:11","modified_gmt":"2025-07-04T12:43:11","slug":"polityka-prywatnosci-2","status":"publish","type":"page","link":"https:\/\/happymouse.eu\/en\/polityka-prywatnosci-2\/","title":{"rendered":"Privacy Policy"},"content":{"rendered":"<p class=\"has-text-align-center\"><strong>\u00a71. Administrator danych osobowych<\/strong><\/p>\n\n\n\n<ol class=\"wp-block-list\">\n<li>Administratorem danych osobowych w rozumieniu art. 4 pkt 7 rozporz\u0105dzenia Parlamentu Europejskiego i Rady (UE) 2016\/679 z dn. 27.04.2016 r. w sprawie ochrony os\u00f3b fizycznych w zwi\u0105zku z\u00a0przetwarzaniem danych osobowych i w sprawie swobodnego przep\u0142ywu takich danych oraz uchylenia dyrektywy 95\/46\/WE (RODO) jest Krzysztof Kami\u0144ski wykonuj\u0105cy dzia\u0142alno\u015b\u0107 gospodarcz\u0105 pod firm\u0105 HM Krzysztof Kami\u0144ski pod adresem ul. Zdrowa 6 lok. U1, 02-747 Warszawa, NIP: 5213152653, REGON: 541550345.<\/li>\n\n\n\n<li>Adres e-mail administratora danych: contact@happy-mouse.pl.<\/li>\n\n\n\n<li>Administrator w my\u015bl art. 32 ust. 1 RODO przestrzega zasady ochrony danych osobowych oraz stosuje odpowiednie \u015brodki techniczne i organizacyjne w celu zapobie\u017cenia przypadkowego lub niezgodnego z\u00a0prawem zniszczenia, utraty, modyfikacji, nieuprawnionego ujawnienia lub nieuprawnionego dost\u0119pu do danych osobowych przetwarzanych w zwi\u0105zku z prowadzon\u0105 dzia\u0142alno\u015bci\u0105.<\/li>\n\n\n\n<li>Podanie danych osobowych przez klienta jest dobrowolne, ale niezb\u0119dne w\u00a0celu zawarcia umowy z administratorem danych.<\/li>\n\n\n\n<li>Administrator danych przetwarza dane osobowe w zakresie niezb\u0119dnym do realizacji umowy lub \u015bwiadczenia us\u0142ug na rzecz osoby, kt\u00f3rej dane dotycz\u0105.<\/li>\n<\/ol>\n\n\n\n<p class=\"has-text-align-center\"><strong>\u00a72. Cel i podstawy przetwarzania danych osobowych<\/strong><\/p>\n\n\n\n<p>Administrator przetwarza dane osobowe w nast\u0119puj\u0105cych celach:<\/p>\n\n\n\n<ol class=\"wp-block-list\">\n<li>przygotowanie oferty handlowej w odpowiedzi na zainteresowanie klienta, co jest prawnie uzasadnionym interesem administratora danych (art. 6 ust. 1 lit. f RODO);<\/li>\n\n\n\n<li>zawieranie i realizacja um\u00f3w sprzeda\u017cy z klientami, na podstawie zawartej umowy (art. 6 ust. 1\u00a0lit. b RODO);<\/li>\n\n\n\n<li>\u015bwiadczenie us\u0142ug drog\u0105 elektroniczn\u0105 za po\u015brednictwem Sklepu internetowego, na podstawie zawartej umowy (art. 6 ust. 1 lit. b RODO);<\/li>\n\n\n\n<li>obs\u0142uga procesu reklamacyjnego, na podstawie obowi\u0105zku ci\u0105\u017c\u0105cym na administratorze danych w zwi\u0105zku z obowi\u0105zuj\u0105cymi przepisami prawa (art. 6 ust. 1\u00a0lit. c RODO);<\/li>\n\n\n\n<li>rachunkowych zwi\u0105zanych z wystawianiem i przyjmowaniem dokument\u00f3w rozliczeniowych, na podstawie przepis\u00f3w prawa podatkowego (art. 6 ust. 1 lit. c RODO);<\/li>\n\n\n\n<li>archiwizacja danych dla ewentualnego ustalenia, dochodzenia lub obrony przed roszczeniami lub potrzeby wykazania fakt\u00f3w, co jest prawnie uzasadnionym interesem administratora danych (art. 6\u00a0ust. 1 lit f RODO);<\/li>\n\n\n\n<li>kontakt telefoniczny lub za po\u015brednictwem poczty elektronicznej, w\u00a0szczeg\u00f3lno\u015bci w odpowiedzi na zapytania kierowane do administratora danych, co jest prawnie uzasadnionym interesem administratora danych (art. 6 ust. 1 lit. f RODO);<\/li>\n\n\n\n<li>przesy\u0142anie informacji technicznych dotycz\u0105cych funkcjonowania Sklepu internetowego i us\u0142ug, z kt\u00f3rych korzysta klient, co jest prawnie uzasadnionym interesem administratora danych (art. 6 ust. 1 lit. f RODO);<\/li>\n\n\n\n<li>marketing, co jest jego prawnie uzasadnionym interesem (art. 6 ust. 1 lit. f RODO) lub odbywa si\u0119 na podstawie uprzednio udzielonej zgody (art. 6 ust. 1 lit. a RODO).<\/li>\n<\/ol>\n\n\n\n<p class=\"has-text-align-center\"><strong>\u00a73. Odbiorcy danych. Przekazywanie danych do pa\u0144stw trzecich<\/strong><\/p>\n\n\n\n<ol class=\"wp-block-list\">\n<li>Odbiorcami danych osobowych przetwarzanych przez administratora danych mog\u0105 by\u0107 podmioty wsp\u00f3\u0142pracuj\u0105ce z administratorem danych, gdy jest to niezb\u0119dne do realizacji umowy zawartej z osob\u0105, kt\u00f3rej dane dotycz\u0105 np. operatorzy p\u0142atno\u015bci elektronicznych lub instytucje bankowe obs\u0142uguj\u0105ce p\u0142atno\u015bci ratalne.<\/li>\n\n\n\n<li>Odbiorcami danych osobowych przetwarzanych przez administratora danych mog\u0105 by\u0107 r\u00f3wnie\u017c podwykonawcy \u2013 podmioty, z kt\u00f3rych us\u0142ug korzysta administrator danych przy przetwarzaniu danych np. biura rachunkowe, kancelarie prawne, podmioty \u015bwiadcz\u0105ce us\u0142ugi IT (w tym us\u0142ugi hostingowe).<\/li>\n\n\n\n<li>Administrator danych mo\u017ce by\u0107 zobowi\u0105zany do udostepnienia danych osobowych na podstawie obowi\u0105zuj\u0105cych przepis\u00f3w prawa, w szczeg\u00f3lno\u015bci do udost\u0119pnienia danych osobowych uprawnionym organom lub instytucjom pa\u0144stwowym.<\/li>\n\n\n\n<li>Dane osobowe w zwi\u0105zku z wykorzystywaniem przez administratora narz\u0119dzi do analizy i \u015bledzenia ruchu na stronie internetowej mog\u0105 zosta\u0107 przekazane do podmiotu maj\u0105cego siedzib\u0119 poza Europejskim Obszarem Gospodarczym, np. do Google LLC lub Meta Platforms Inc. Jako w\u0142a\u015bciwy \u015brodek ochrony danych, administrator danych zgodzi\u0142 si\u0119 na standardowe klauzule umowne zgodnie z art. 46 RODO z dostawcami tych us\u0142ug. Wi\u0119cej informacji na ten temat jest dost\u0119pnych tutaj: https:\/\/commission.europa.eu\/law\/law-topic\/data-protection_en.<\/li>\n<\/ol>\n\n\n\n<p class=\"has-text-align-center\"><strong>\u00a74. Okres przechowywania danych osobowych<\/strong><\/p>\n\n\n\n<ol class=\"wp-block-list\">\n<li>Administrator danych przechowuje dane osobowe przez okres obowi\u0105zywania umowy zawartej z osob\u0105, kt\u00f3rej dane dotycz\u0105 oraz po zako\u0144czeniu jej obowi\u0105zywania w\u00a0celach zwi\u0105zanych z\u00a0dochodzeniem roszcze\u0144 zwi\u0105zanych z\u00a0umow\u0105, wykonania obowi\u0105zk\u00f3w wynikaj\u0105cych z\u00a0obowi\u0105zuj\u0105cych przepis\u00f3w prawa, ale przez czas nie d\u0142u\u017cszy ni\u017c termin przedawnienia zgodnie z przepisami Kodeksu cywilnego.<\/li>\n\n\n\n<li>Administrator danych przechowuje dane osobowe znajduj\u0105ce si\u0119 na dokumentach rozliczeniowych przez okres wskazany przepisami prawa podatkowego.<\/li>\n\n\n\n<li>Administrator danych przechowuje dane osobowe przetwarzane w celach marketingowych przez okres lat 10, jednak nie dalej ni\u017c do momentu wycofania zgody na przetwarzanie danych lub wniesienia sprzeciwu wobec przetwarzania danych.<\/li>\n\n\n\n<li>Administrator danych przechowuje dane osobowe w celach innych ni\u017c wskazane w ust. 1-3 przez okres jednego roku, chyba \u017ce wcze\u015bniej wycofano zgod\u0119 na przetwarzanie danych, a\u00a0przetwarzanie danych nie mo\u017ce by\u0107 kontynuowane na innej podstawie ni\u017c zgoda osoby, kt\u00f3rej dane dotycz\u0105.<\/li>\n<\/ol>\n\n\n\n<p class=\"has-text-align-center\"><strong>\u00a75. Uprawnienia osoby, kt\u00f3rej dane dotycz\u0105<\/strong><\/p>\n\n\n\n<p>1. Ka\u017cda osoba, kt\u00f3rej dane dotycz\u0105, ma prawo:<\/p>\n\n\n\n<ol class=\"wp-block-list\">\n<li><strong>dost\u0119pu<\/strong> \u2013 uzyskania od administratora potwierdzenia, czy przetwarzane s\u0105 jej dane osobowe. Je\u017celi dane o osobie s\u0105 przetwarzane, jest ona uprawniona do uzyskania dost\u0119pu do nich oraz uzyskania nast\u0119puj\u0105cych informacji: o celach przetwarzania, kategoriach danych osobowych, informacji o odbiorcach lub kategoriach odbiorc\u00f3w, kt\u00f3rym dane zosta\u0142y lub zostan\u0105 ujawnione, o okresie przechowywania danych lub o\u00a0kryteriach ich ustalania, o prawie do \u017c\u0105dania sprostowania, usuni\u0119cia lub ograniczenia przetwarzania danych osobowych przys\u0142uguj\u0105cych osobie, kt\u00f3rej dane dotycz\u0105, oraz do wniesienia sprzeciwu wobec takiego przetwarzania (art. 15 RODO);<\/li>\n\n\n\n<li><strong>do otrzymania kopii danych<\/strong> \u2013 uzyskania kopii danych podlegaj\u0105cych przetwarzaniu, przy czym pierwsza kopia jest bezp\u0142atna, a za kolejne kopie administrator mo\u017ce na\u0142o\u017cy\u0107 op\u0142at\u0119 w rozs\u0105dnej wysoko\u015bci wynikaj\u0105c\u0105 z koszt\u00f3w administracyjnych (art. 15 ust. 3 RODO);<\/li>\n\n\n\n<li><strong>do sprostowania<\/strong> \u2013 \u017c\u0105dania sprostowania dotycz\u0105cych jej danych osobowych, kt\u00f3re s\u0105 nieprawid\u0142owe lub uzupe\u0142nienia niekompletnych danych (art. 16 RODO);<\/li>\n\n\n\n<li><strong>do usuni\u0119cia danych<\/strong> \u2013 \u017c\u0105dania usuni\u0119cia jej danych osobowych, je\u017celi administrator nie ma ju\u017c podstawy prawnej do ich przetwarzania lub dane nie s\u0105 ju\u017c niezb\u0119dne do cel\u00f3w przetwarzania (art. 17 RODO);<\/li>\n\n\n\n<li><strong>do ograniczenia przetwarzania<\/strong> \u2013 \u017c\u0105dania ograniczenia przetwarzania danych osobowych (art. 18 RODO), gdy:<\/li>\n<\/ol>\n\n\n\n<p>&#8211; osoba, kt\u00f3rej dane dotycz\u0105, kwestionuje prawid\u0142owo\u015b\u0107 danych osobowych \u2013 na okres pozwalaj\u0105cy administratorowi sprawdzi\u0107 prawid\u0142owo\u015b\u0107 tych danych,<\/p>\n\n\n\n<p>&#8211; przetwarzanie jest niezgodne z prawem, a osoba, kt\u00f3rej dane dotycz\u0105, sprzeciwia si\u0119 ich usuni\u0119ciu, \u017c\u0105daj\u0105c ograniczenia ich wykorzystywania,<\/p>\n\n\n\n<p>&#8211; administrator nie potrzebuje ju\u017c tych danych, ale s\u0105 one potrzebne osobie, kt\u00f3rej dane dotycz\u0105, do ustalenia, dochodzenia lub obrony roszcze\u0144,<\/p>\n\n\n\n<p>&#8211; osoba, kt\u00f3rej dane dotycz\u0105, wnios\u0142a sprzeciw wobec przetwarzania \u2013 do czasu stwierdzenia, czy prawnie uzasadnione podstawy po stronie administratora s\u0105 nadrz\u0119dne wobec podstaw sprzeciwu osoby, kt\u00f3rej dane dotycz\u0105;<\/p>\n\n\n\n<ol start=\"6\" class=\"wp-block-list\">\n<li><strong>do przenoszenia danych<\/strong> \u2013 otrzymania w ustrukturyzowanym, powszechnie u\u017cywanym formacie nadaj\u0105cym si\u0119 do odczytu maszynowego danych osobowych jej dotycz\u0105cych, kt\u00f3re dostarczy\u0142a administratorowi, oraz \u017c\u0105dania przes\u0142ania tych danych innemu administratorowi, je\u017celi dane s\u0105 przetwarzane na podstawie zgody osoby, kt\u00f3rej dane dotycz\u0105 lub umowy z ni\u0105 zawartej oraz je\u017celi dane s\u0105 przetwarzane w spos\u00f3b zautomatyzowany (art. 20 RODO);<\/li>\n\n\n\n<li><strong>do sprzeciwu<\/strong> \u2013 wniesienia sprzeciwu wobec przetwarzania jej danych osobowych w\u00a0prawnie uzasadnionych celach administratora, z przyczyn zwi\u0105zanych z jej szczeg\u00f3ln\u0105 sytuacj\u0105, w tym wobec profilowania. W\u00f3wczas administrator dokonuje oceny istnienia wa\u017cnych prawnie uzasadnionych podstaw do przetwarzania, nadrz\u0119dnych wobec interes\u00f3w, praw i wolno\u015bci os\u00f3b, kt\u00f3rych dane dotycz\u0105, lub podstaw do ustalenia, dochodzenia lub obrony roszcze\u0144. Je\u017celi zgodnie z ocen\u0105 interesy osoby, kt\u00f3rej dane dotycz\u0105, b\u0119d\u0105 wa\u017cniejsze od interes\u00f3w administratora, administrator b\u0119dzie zobowi\u0105zany zaprzesta\u0107 przetwarzania danych w tych celach (art. 21 RODO).<\/li>\n<\/ol>\n\n\n\n<ol start=\"2\" class=\"wp-block-list\">\n<li>Aby skorzysta\u0107 z wy\u017cej wymienionych praw, osoba, kt\u00f3rej dane dotycz\u0105, powinna skontaktowa\u0107 si\u0119, wykorzystuj\u0105c podane dane kontaktowe, z administratorem i\u00a0poinformowa\u0107 go, z kt\u00f3rego prawa i w jakim zakresie chce skorzysta\u0107.<\/li>\n\n\n\n<li>Osoba, kt\u00f3rej dane dotycz\u0105, ma prawo wnie\u015b\u0107 skarg\u0119 do organu nadzoru, kt\u00f3rym jest Prezes Urz\u0119du Ochrony Danych Osobowych w Warszawie.<\/li>\n<\/ol>\n\n\n\n<p class=\"has-text-align-center\"><strong>\u00a76. Profilowanie<\/strong><\/p>\n\n\n\n<ol class=\"wp-block-list\">\n<li>Dane osobowe uzyskane przez administratora danych mog\u0105 zosta\u0107 przetwarzane w\u00a0spos\u00f3b automatyczny \u2013 w tym w formie profilowania. Profilowanie danych osobowych dokonywane przez administratora danych polega na ocenie wybranych informacji o osobie, kt\u00f3rej dane dotycz\u0105 dla cel\u00f3w analizy i prognozy osobistych preferencji oraz zainteresowa\u0144, w szczeg\u00f3lno\u015bci dla mo\u017cliwo\u015bci przekazywania osobie, kt\u00f3rej dane dotycz\u0105 spersonalizowanej oferty.<\/li>\n\n\n\n<li>Automatyczne przetwarzanie danych dokonywane przez administratora danych nie rodzi dla osoby, kt\u00f3rej dane dotycz\u0105 \u017cadnych skutk\u00f3w prawnych. Osoba, kt\u00f3rej dane dotycz\u0105 mo\u017ce w ka\u017cdym czasie wnie\u015b\u0107 sprzeciw wobec zautomatyzowanego przetwarzania jej danych.<\/li>\n<\/ol>\n\n\n\n<p class=\"has-text-align-center\"><strong>\u00a77. Google Analytics<\/strong><\/p>\n\n\n\n<ol class=\"wp-block-list\">\n<li>Administrator u\u017cywa Google Analytics, internetow\u0105 us\u0142ug\u0119 analityczn\u0105 dostarczan\u0105 przez Google Inc. z siedzib\u0105 w USA.<\/li>\n\n\n\n<li>Google Analytics u\u017cywa plik\u00f3w cookie, kt\u00f3re umo\u017cliwiaj\u0105 analiz\u0119 korzystania przez u\u017cytkownika ze strony internetowej. Informacje wytworzone przez plik cookie na temat korzystania ze strony internetowej s\u0105 przekazywane i zapisywane na serwerze Google. Na zlecenie Administratora, Google b\u0119dzie wykorzystywa\u0142 te informacje, aby przeanalizowa\u0107 korzystanie ze strony przez u\u017cytkownik\u00f3w w celu przygotowania raport\u00f3w na temat aktywno\u015bci na stronie oraz \u015bwiadczenia innych us\u0142ug zwi\u0105zanych z korzystaniem ze strony i Internetu na rzecz podmiotu zlecaj\u0105cego.<\/li>\n\n\n\n<li>Dane nie b\u0119d\u0105 wykorzystywane do cel\u00f3w identyfikacji jakiejkolwiek osoby fizycznej.<\/li>\n\n\n\n<li>U\u017cytkownik mo\u017ce uniemo\u017cliwi\u0107 zapisywanie plik\u00f3w cookie poprzez odpowiednie ustawienia przegl\u0105darki; jednak w takim wypadku nie b\u0119dzie m\u00f3g\u0142 korzysta\u0107 z pe\u0142nej funkcjonalno\u015bci strony. Ponadto u\u017cytkownicy mog\u0105 uniemo\u017cliwi\u0107 gromadzenie przez Google danych wytworzonych przez pliki cookie oraz odnosz\u0105cych si\u0119 do ich korzystania z serwisu internetowego (\u0142\u0105cznie z adresem IP) jak i przetwarzanie tych danych przez Google, pobieraj\u0105c i instaluj\u0105c wtyczk\u0119 do przegl\u0105darki dost\u0119pn\u0105 pod nast\u0119puj\u0105cym linkiem: <a href=\"https:\/\/tools.google.com\/dlpage\/gaoptout?hl=pl\">https:\/\/tools.google.com\/dlpage\/gaoptout?hl=pl<\/a>.<\/li>\n\n\n\n<li>W ka\u017cdym momencie u\u017cytkownik mo\u017ce zg\u0142osi\u0107 sprzeciw wobec gromadzenia oraz przetwarzania danych zwi\u0105zanych z u\u017cytkowaniem strony Google poprzez pobranie oraz instalacj\u0119 wtyczki w przegl\u0105darce, kt\u00f3ra jest dost\u0119pna pod nast\u0119puj\u0105cym adresem: <a href=\"https:\/\/tools.google.com\/dlpage\/gaoptout?hl=en\">https:\/\/tools.google.com\/dlpage\/gaoptout?hl=en<\/a>.<\/li>\n<\/ol>\n\n\n\n<p class=\"has-text-align-center\"><strong>\u00a78.<\/strong><strong> Piksel Meta<\/strong><\/p>\n\n\n\n<ol class=\"wp-block-list\">\n<li>Administrator korzysta z Piksel Meta, narz\u0119dzia analitycznego, kt\u00f3re pomaga mierzy\u0107 skuteczno\u015b\u0107 reklam na podstawie analizy dzia\u0142a\u0144 podejmowanych przez u\u017cytkownik\u00f3w w witrynie.<\/li>\n\n\n\n<li>Administrator korzysta z narz\u0119dzia Piksel Meta w celu kierowania do Klienta spersonalizowanych reklam w serwisie Facebook lub Instagram. Wi\u0105\u017ce si\u0119 to z wykorzystywaniem plik\u00f3w cookies firmy Meta Platforms Inc. Podstaw\u0119 prawn\u0105 dla korzystania z narz\u0119dzia Piksel Meta przez Administratora stanowi art. 6 ust. 1 lit. f RODO.<\/li>\n<\/ol>\n\n\n\n<p class=\"has-text-align-center\"><strong>\u00a79. Wtyczki spo\u0142eczno\u015bciowe<\/strong><\/p>\n\n\n\n<ol class=\"wp-block-list\">\n<li>Administrator na stronie internetowej wykorzystuje wtyczki kieruj\u0105ce do portali spo\u0142eczno\u015bciowych. Przedmiotowe wtyczki s\u0105 oznaczono logo danego serwisu spo\u0142eczno\u015bciowego.<\/li>\n\n\n\n<li>Dane s\u0105 przesy\u0142ane do portali spo\u0142eczno\u015bciowych tylko wtedy, gdy u\u017cytkownik aktywnie klikn\u0105\u0142 w odpowiedni przycisk wtyczki. Po naci\u015bni\u0119ciu w ikon\u0119 wtyczki przegl\u0105darka internetowa rozpocznie po\u0142\u0105czenie z serwerami danego portalu spo\u0142eczno\u015bciowego, a u\u017cytkownik zostanie przekierowany do strony zewn\u0119trznego dostawcy us\u0142ugi, czyli w\u0142a\u015bciciela danego serwisu spo\u0142eczno\u015bciowego, a przegl\u0105darka internetowa u\u017cytkownika nawi\u0105\u017ce bezpo\u015brednie po\u0142\u0105czenie z serwerami tych\u017ce serwis\u00f3w spo\u0142eczno\u015bciowych. Korzystanie z tych funkcji mo\u017ce wi\u0105za\u0107 si\u0119 z wykorzystaniem zewn\u0119trznych plik\u00f3w cookies. Od momentu klikni\u0119cia w dan\u0105 wtyczk\u0119, dane osobowe s\u0105 przetwarzane na danym portalu spo\u0142eczno\u015bciowym, a w\u0142a\u015bciciel portalu spo\u0142eczno\u015bciowego staje si\u0119 wsp\u00f3\u0142administratorem danych osobowych. Administrator informuje, \u017ce od momentu aktywnego klikni\u0119cia przez w przycisk wtyczki, Administrator nie ma wp\u0142ywu na charakter oraz zakres danych osobowych gromadzonych przez dany portal spo\u0142eczno\u015bciowy.<\/li>\n\n\n\n<li>Dane s\u0105 przesy\u0142ane niezale\u017cnie od faktu czy u\u017cytkownik posiada konto w danym portali spo\u0142eczno\u015bciowym lub czy jest zalogowany. W przypadku, gdy u\u017cytkownik jest zalogowany na danej platformie spo\u0142eczno\u015bciowej to zebrane dane osobowe b\u0119d\u0105 bezpo\u015brednio przypisane do wykorzystywanego przez niego konta (profilu).<\/li>\n\n\n\n<li>W celu uzyskania wi\u0119cej informacji na temat celu i zakresu gromadzenia danych osobowych, w tym zasad ich przetwarzania przez dostawc\u0119 danego portalu nale\u017cy zapozna\u0107 si\u0119 z politykami prywatno\u015bci tych\u017ce dostawc\u00f3w.<\/li>\n<\/ol>","protected":false},"excerpt":{"rendered":"<p>\u00a71. Administrator danych osobowych \u00a72. Cel i podstawy przetwarzania danych osobowych Administrator przetwarza dane osobowe w nast\u0119puj\u0105cych celach: \u00a73. Odbiorcy danych. Przekazywanie danych do pa\u0144stw trzecich \u00a74. Okres przechowywania danych osobowych \u00a75. Uprawnienia osoby, kt\u00f3rej dane dotycz\u0105 1. Ka\u017cda osoba, kt\u00f3rej dane dotycz\u0105, ma prawo: &#8211; osoba, kt\u00f3rej dane dotycz\u0105, kwestionuje prawid\u0142owo\u015b\u0107 danych osobowych \u2013 [&hellip;]<\/p>\n","protected":false},"author":1,"featured_media":0,"parent":0,"menu_order":0,"comment_status":"closed","ping_status":"closed","template":"","meta":{"ngg_post_thumbnail":0,"footnotes":""},"class_list":["post-229","page","type-page","status-publish","hentry"],"_links":{"self":[{"href":"https:\/\/happymouse.eu\/en\/wp-json\/wp\/v2\/pages\/229","targetHints":{"allow":["GET"]}}],"collection":[{"href":"https:\/\/happymouse.eu\/en\/wp-json\/wp\/v2\/pages"}],"about":[{"href":"https:\/\/happymouse.eu\/en\/wp-json\/wp\/v2\/types\/page"}],"author":[{"embeddable":true,"href":"https:\/\/happymouse.eu\/en\/wp-json\/wp\/v2\/users\/1"}],"replies":[{"embeddable":true,"href":"https:\/\/happymouse.eu\/en\/wp-json\/wp\/v2\/comments?post=229"}],"version-history":[{"count":2,"href":"https:\/\/happymouse.eu\/en\/wp-json\/wp\/v2\/pages\/229\/revisions"}],"predecessor-version":[{"id":232,"href":"https:\/\/happymouse.eu\/en\/wp-json\/wp\/v2\/pages\/229\/revisions\/232"}],"wp:attachment":[{"href":"https:\/\/happymouse.eu\/en\/wp-json\/wp\/v2\/media?parent=229"}],"curies":[{"name":"wp","href":"https:\/\/api.w.org\/{rel}","templated":true}]}}