{"id":227,"date":"2025-07-04T14:40:24","date_gmt":"2025-07-04T12:40:24","guid":{"rendered":"https:\/\/happymouse.eu\/?page_id=227"},"modified":"2025-07-04T14:40:24","modified_gmt":"2025-07-04T12:40:24","slug":"polityka-cookies","status":"publish","type":"page","link":"https:\/\/happymouse.eu\/en\/polityka-cookies\/","title":{"rendered":"Cookie Policy"},"content":{"rendered":"<p>Sklep internetowy zbiera w spos\u00f3b automatyczny informacje zawarte w\u00a0plikach cookies.<\/p>\n\n\n\n<ol class=\"wp-block-list\">\n<li>Pliki cookies (tzw. &#8222;ciasteczka&#8221;) stanowi\u0105 dane informatyczne, w szczeg\u00f3lno\u015bci pliki tekstowe, kt\u00f3re przechowywane s\u0105 w urz\u0105dzeniu ko\u0144cowym Klienta i przeznaczone s\u0105 do korzystania ze stron Sklepu internetowego. Cookies zazwyczaj zawieraj\u0105 nazw\u0119 strony internetowej z kt\u00f3rej pochodz\u0105, czas przechowywania ich na urz\u0105dzeniu ko\u0144cowym oraz unikalny numer.<\/li>\n\n\n\n<li>Podmiotem zamieszczaj\u0105cym na urz\u0105dzeniu ko\u0144cowym Klienta pliki cookies oraz uzyskuj\u0105cym do nich dost\u0119p jest HM Krzysztof Kami\u0144ski.<\/li>\n\n\n\n<li>Pliki cookies wykorzystywane s\u0105 w celu:\u00a0<\/li>\n<\/ol>\n\n\n\n<ol class=\"wp-block-list\">\n<li>dostosowania zawarto\u015bci stron Sklepu internetowego do preferencji Klienta oraz optymalizacji korzystania ze stron internetowych; w szczeg\u00f3lno\u015bci pliki te pozwalaj\u0105 rozpozna\u0107 urz\u0105dzenie Klienta i odpowiednio wy\u015bwietli\u0107 stron\u0119 internetow\u0105, dostosowan\u0105 do jego indywidualnych potrzeb;\u00a0<\/li>\n\n\n\n<li>tworzenia statystyk, kt\u00f3re pomagaj\u0105 zrozumie\u0107, w jaki spos\u00f3b Klienci korzystaj\u0105 ze stron internetowych, co umo\u017cliwia ulepszanie ich struktury i zawarto\u015bci;\u00a0<\/li>\n\n\n\n<li>utrzymanie sesji Klienta w celu umo\u017cliwienia powrotu do zawarto\u015bci koszyka.<\/li>\n\n\n\n<li>W ramach Sklepu internetowego stosowane s\u0105 nast\u0119puj\u0105ce rodzaje plik\u00f3w cookies:\u00a0<\/li>\n<\/ol>\n\n\n\n<ol class=\"wp-block-list\">\n<li>&#8222;sesyjne&#8221; (session cookies) oraz &#8222;sta\u0142e&#8221; (persistent cookies). Cookies &#8222;sesyjne&#8221; s\u0105 plikami tymczasowymi, kt\u00f3re przechowywane s\u0105 w urz\u0105dzeniu ko\u0144cowym Klienta do czasu wylogowania, opuszczenia strony internetowej lub wy\u0142\u0105czenia oprogramowania (przegl\u0105darki internetowej). &#8222;Sta\u0142e&#8221; pliki cookies przechowywane s\u0105 w urz\u0105dzeniu ko\u0144cowym Klienta przez czas okre\u015blony w parametrach plik\u00f3w cookies lub do czasu ich usuni\u0119cia przez Klienta;<\/li>\n\n\n\n<li>&#8222;niezb\u0119dne&#8221; pliki cookies, umo\u017cliwiaj\u0105ce korzystanie z us\u0142ug dost\u0119pnych w ramach Sklepu internetowego, np. uwierzytelniaj\u0105ce pliki cookies wykorzystywane do us\u0142ug wymagaj\u0105cych uwierzytelniania w ramach Sklepu internetowego;\u00a0<\/li>\n\n\n\n<li>pliki cookies s\u0142u\u017c\u0105ce do zapewnienia bezpiecze\u0144stwa, np. wykorzystywane do wykrywania nadu\u017cy\u0107 w zakresie uwierzytelniania w ramach Sklepu internetowego;\u00a0<\/li>\n\n\n\n<li>&#8222;wydajno\u015bciowe&#8221; pliki cookies, umo\u017cliwiaj\u0105ce zbieranie informacji o sposobie korzystania ze stron internetowych Sklepu internetowego;\u00a0<\/li>\n\n\n\n<li>&#8222;funkcjonalne&#8221; pliki cookies, umo\u017cliwiaj\u0105ce &#8222;zapami\u0119tanie&#8221; wybranych przez Klienta ustawie\u0144 i personalizacj\u0119 interfejsu Klienta, np. w zakresie wybranego j\u0119zyka lub regionu, z kt\u00f3rego pochodzi Klient, rozmiaru czcionki, wygl\u0105du strony internetowej itp.;\u00a0<\/li>\n\n\n\n<li>&#8222;reklamowe&#8221; pliki cookies, umo\u017cliwiaj\u0105ce dostarczanie Klientom tre\u015bci reklamowych bardziej dostosowanych do ich zainteresowa\u0144.<\/li>\n\n\n\n<li>W wielu przypadkach oprogramowanie s\u0142u\u017c\u0105ce do przegl\u0105dania stron internetowych (przegl\u0105darka internetowa) domy\u015blnie dopuszcza przechowywanie plik\u00f3w cookies w urz\u0105dzeniu ko\u0144cowym Klienta. Klienci mog\u0105 dokona\u0107 w ka\u017cdym czasie zmiany ustawie\u0144 dotycz\u0105cych plik\u00f3w cookies. Ustawienia te mog\u0105 zosta\u0107 zmienione w szczeg\u00f3lno\u015bci w taki spos\u00f3b, aby blokowa\u0107 automatyczn\u0105 obs\u0142ug\u0119 plik\u00f3w cookies w ustawieniach przegl\u0105darki internetowej b\u0105d\u017a informowa\u0107 o\u00a0ich ka\u017cdorazowym zamieszczeniu w urz\u0105dzeniu Klienta. Szczeg\u00f3\u0142owe informacje o\u00a0mo\u017cliwo\u015bci i sposobach obs\u0142ugi plik\u00f3w cookies dost\u0119pne s\u0105 w ustawieniach oprogramowania (przegl\u0105darki internetowej). Szczeg\u00f3\u0142owe informacje o\u00a0mo\u017cliwo\u015bci i sposobach obs\u0142ugi plik\u00f3w cookies dost\u0119pne s\u0105 w ustawieniach oprogramowania (przegl\u0105darki internetowej) oraz zosta\u0142y opisane tutaj:<\/li>\n<\/ol>\n\n\n\n<ol class=\"wp-block-list\">\n<li><a href=\"#cookies\">Przegl\u0105darka Opera<\/a>,<\/li>\n\n\n\n<li><a href=\"https:\/\/support.mozilla.org\/pl\/kb\/wzmocniona-ochrona-przed-sledzeniem-firefox-desktop?redirectslug=W%C5%82%C4%85czanie+i+wy%C5%82%C4%85czanie+obs%C5%82ugi+ciasteczek&amp;redirectlocale=pl\">Przegl\u0105darka Firefox<\/a>,<\/li>\n\n\n\n<li><a href=\"https:\/\/support.google.com\/chrome\/answer\/95647?hl=pl\">Przegl\u0105darka Chrome<\/a>,<\/li>\n\n\n\n<li><a href=\"https:\/\/support.microsoft.com\/pl-pl\/windows\/usuwanie-plik%C3%B3w-cookie-i-zarz%C4%85dzanie-nimi-168dab11-0753-043d-7c16-ede5947fc64d\">Przegl\u0105darka Microsoft Edge<\/a>,<\/li>\n\n\n\n<li><a href=\"https:\/\/support.apple.com\/pl-pl\/guide\/safari\/sfri11471\/mac\">Przegl\u0105darka Safari<\/a>.<\/li>\n\n\n\n<li>Sprzedawca informuje, \u017ce ograniczenia stosowania plik\u00f3w cookies mog\u0105 wp\u0142yn\u0105\u0107 na niekt\u00f3re funkcjonalno\u015bci dost\u0119pne w Sklepie internetowym.<\/li>\n<\/ol>","protected":false},"excerpt":{"rendered":"<p>Sklep internetowy zbiera w spos\u00f3b automatyczny informacje zawarte w\u00a0plikach cookies.<\/p>","protected":false},"author":1,"featured_media":0,"parent":0,"menu_order":0,"comment_status":"closed","ping_status":"closed","template":"","meta":{"ngg_post_thumbnail":0,"footnotes":""},"class_list":["post-227","page","type-page","status-publish","hentry"],"_links":{"self":[{"href":"https:\/\/happymouse.eu\/en\/wp-json\/wp\/v2\/pages\/227","targetHints":{"allow":["GET"]}}],"collection":[{"href":"https:\/\/happymouse.eu\/en\/wp-json\/wp\/v2\/pages"}],"about":[{"href":"https:\/\/happymouse.eu\/en\/wp-json\/wp\/v2\/types\/page"}],"author":[{"embeddable":true,"href":"https:\/\/happymouse.eu\/en\/wp-json\/wp\/v2\/users\/1"}],"replies":[{"embeddable":true,"href":"https:\/\/happymouse.eu\/en\/wp-json\/wp\/v2\/comments?post=227"}],"version-history":[{"count":1,"href":"https:\/\/happymouse.eu\/en\/wp-json\/wp\/v2\/pages\/227\/revisions"}],"predecessor-version":[{"id":228,"href":"https:\/\/happymouse.eu\/en\/wp-json\/wp\/v2\/pages\/227\/revisions\/228"}],"wp:attachment":[{"href":"https:\/\/happymouse.eu\/en\/wp-json\/wp\/v2\/media?parent=227"}],"curies":[{"name":"wp","href":"https:\/\/api.w.org\/{rel}","templated":true}]}}